{"id":6,"date":"2021-04-21T09:40:24","date_gmt":"2021-04-21T09:40:24","guid":{"rendered":"https:\/\/wtas.info\/?page_id=6"},"modified":"2021-06-04T14:03:53","modified_gmt":"2021-06-04T14:03:53","slug":"the-new-umoma-opens-its-doors-2","status":"publish","type":"page","link":"https:\/\/wtas.info\/","title":{"rendered":"Bienvenue"},"content":{"rendered":"\n<div class=\"wp-block-group alignwide\"><div class=\"wp-block-group__inner-container is-layout-flow wp-block-group-is-layout-flow\">\n<p><strong>WTAS (Waalde Taalibaabe Almasiihu ley Sahel) <\/strong>relie les gens entre eux \u00e0 travers des fronti\u00e8res g\u00e9ographiques, culturelles, sociales et religieuses. Cette connexion est centr\u00e9e sur J\u00e9sus-Christ qui r\u00e9unit toutes&nbsp;choses sous lui.<\/p>\n\n\n\n<p>WTAS a vu le jour le 30\/03\/2020 au Mali.<\/p>\n\n\n\n<p>&nbsp;&nbsp;&nbsp;&nbsp;&nbsp;&nbsp;-Actuellement, WTAS compte 227 personnes membres qui viennent des diff\u00e9rents pays du Sahel et d&rsquo;autres pays hors du Sahel.<\/p>\n\n\n\n<p>&nbsp;&nbsp;&nbsp;&#8211; Les membres se sont unis par leur foi en J\u00e9sus Christ, en partageant la parole de Dieu entre eux, et en priant ensemble, par toutes sortes de pri\u00e8res de supplications, des requ\u00eates, des actions de gr\u00e2ces.<\/p>\n\n\n\n<h2 class=\"has-text-align-center wp-block-heading\">New website coming soon.<\/h2>\n<\/div><\/div>\n\n\n\n<p><\/p>\n","protected":false},"excerpt":{"rendered":"<p>WTAS (Waalde Taalibaabe Almasiihu ley Sahel) relie les gens entre eux \u00e0 travers des fronti\u00e8res g\u00e9ographiques, culturelles, sociales et religieuses. Cette connexion est centr\u00e9e sur J\u00e9sus-Christ qui r\u00e9unit toutes&nbsp;choses sous lui. WTAS a vu le jour le 30\/03\/2020 au Mali. &nbsp;&nbsp;&nbsp;&nbsp;&nbsp;&nbsp;-Actuellement, WTAS compte 227 personnes membres qui viennent des diff\u00e9rents pays du Sahel et d&rsquo;autres [&hellip;]<\/p>\n","protected":false},"author":1,"featured_media":0,"parent":0,"menu_order":0,"comment_status":"closed","ping_status":"closed","template":"","meta":{"_uag_custom_page_level_css":"","site-sidebar-layout":"default","site-content-layout":"default","ast-site-content-layout":"default","site-content-style":"default","site-sidebar-style":"default","ast-global-header-display":"","ast-banner-title-visibility":"","ast-main-header-display":"","ast-hfb-above-header-display":"","ast-hfb-below-header-display":"","ast-hfb-mobile-header-display":"","site-post-title":"disabled","ast-breadcrumbs-content":"","ast-featured-img":"","footer-sml-layout":"","ast-disable-related-posts":"","theme-transparent-header-meta":"default","adv-header-id-meta":"69","stick-header-meta":"default","header-above-stick-meta":"","header-main-stick-meta":"","header-below-stick-meta":"","astra-migrate-meta-layouts":"default","ast-page-background-enabled":"default","ast-page-background-meta":{"desktop":{"background-color":"","background-image":"","background-repeat":"repeat","background-position":"center center","background-size":"auto","background-attachment":"scroll","background-type":"","background-media":"","overlay-type":"","overlay-color":"","overlay-opacity":"","overlay-gradient":""},"tablet":{"background-color":"","background-image":"","background-repeat":"repeat","background-position":"center center","background-size":"auto","background-attachment":"scroll","background-type":"","background-media":"","overlay-type":"","overlay-color":"","overlay-opacity":"","overlay-gradient":""},"mobile":{"background-color":"","background-image":"","background-repeat":"repeat","background-position":"center center","background-size":"auto","background-attachment":"scroll","background-type":"","background-media":"","overlay-type":"","overlay-color":"","overlay-opacity":"","overlay-gradient":""}},"ast-content-background-meta":{"desktop":{"background-color":"var(--ast-global-color-5)","background-image":"","background-repeat":"repeat","background-position":"center center","background-size":"auto","background-attachment":"scroll","background-type":"","background-media":"","overlay-type":"","overlay-color":"","overlay-opacity":"","overlay-gradient":""},"tablet":{"background-color":"var(--ast-global-color-5)","background-image":"","background-repeat":"repeat","background-position":"center center","background-size":"auto","background-attachment":"scroll","background-type":"","background-media":"","overlay-type":"","overlay-color":"","overlay-opacity":"","overlay-gradient":""},"mobile":{"background-color":"var(--ast-global-color-5)","background-image":"","background-repeat":"repeat","background-position":"center center","background-size":"auto","background-attachment":"scroll","background-type":"","background-media":"","overlay-type":"","overlay-color":"","overlay-opacity":"","overlay-gradient":""}},"footnotes":""},"class_list":["post-6","page","type-page","status-publish","hentry"],"uagb_featured_image_src":{"full":false,"thumbnail":false,"medium":false,"medium_large":false,"large":false,"1536x1536":false,"2048x2048":false},"uagb_author_info":{"display_name":"admin","author_link":"https:\/\/wtas.info\/index.php\/author\/webservices_tl2432j7\/"},"uagb_comment_info":0,"uagb_excerpt":"WTAS (Waalde Taalibaabe Almasiihu ley Sahel) relie les gens entre eux \u00e0 travers des fronti\u00e8res g\u00e9ographiques, culturelles, sociales et religieuses. Cette connexion est centr\u00e9e sur J\u00e9sus-Christ qui r\u00e9unit toutes&nbsp;choses sous lui. WTAS a vu le jour le 30\/03\/2020 au Mali. &nbsp;&nbsp;&nbsp;&nbsp;&nbsp;&nbsp;-Actuellement, WTAS compte 227 personnes membres qui viennent des diff\u00e9rents pays du Sahel et d&rsquo;autres\u2026","_links":{"self":[{"href":"https:\/\/wtas.info\/index.php\/wp-json\/wp\/v2\/pages\/6","targetHints":{"allow":["GET"]}}],"collection":[{"href":"https:\/\/wtas.info\/index.php\/wp-json\/wp\/v2\/pages"}],"about":[{"href":"https:\/\/wtas.info\/index.php\/wp-json\/wp\/v2\/types\/page"}],"author":[{"embeddable":true,"href":"https:\/\/wtas.info\/index.php\/wp-json\/wp\/v2\/users\/1"}],"replies":[{"embeddable":true,"href":"https:\/\/wtas.info\/index.php\/wp-json\/wp\/v2\/comments?post=6"}],"version-history":[{"count":6,"href":"https:\/\/wtas.info\/index.php\/wp-json\/wp\/v2\/pages\/6\/revisions"}],"predecessor-version":[{"id":220,"href":"https:\/\/wtas.info\/index.php\/wp-json\/wp\/v2\/pages\/6\/revisions\/220"}],"wp:attachment":[{"href":"https:\/\/wtas.info\/index.php\/wp-json\/wp\/v2\/media?parent=6"}],"curies":[{"name":"wp","href":"https:\/\/api.w.org\/{rel}","templated":true}]}}