{"id":7,"date":"2021-04-21T09:40:24","date_gmt":"2021-04-21T09:40:24","guid":{"rendered":"https:\/\/wtas.info\/?page_id=7"},"modified":"2021-06-04T11:04:05","modified_gmt":"2021-06-04T11:04:05","slug":"about","status":"publish","type":"page","link":"https:\/\/wtas.info\/index.php\/about\/","title":{"rendered":"Notre Vision WTAS"},"content":{"rendered":"\n<p><\/p>\n\n\n\n<p>Voir les communaut\u00e9s (ethnies et\/ou tribus) radicalement transform\u00e9es par la vie que donne l\u2019\u00c9vangile de J\u00e9sus-Christ.<\/p>\n\n\n\n<p>\u2022 Atteindre les non-atteints, aimer les non-aim\u00e9s, encourager l&rsquo;\u00e9glise de Christ \u00e0 accomplir la Grande Commission<\/p>\n\n\n\n<p>\u2022 Voir des communaut\u00e9s radicalement transform\u00e9es par la vie que donne l&rsquo;Evangile de J\u00e9sus-Christ.<\/p>\n\n\n\n<p>\u2022 Relier les gens entre eux \u00e0 travers les fronti\u00e8res g\u00e9ographiques, culturelles, sociales et religieuses, \u00e0 leur centre J\u00e9sus-Christ, qui est le seul \u00e0 pouvoir apporter un changement durable du c\u0153ur, de l&rsquo;esprit et du corps.<\/p>\n\n\n\n<ul class=\"wp-block-list\"><li>Que tous les peuls soient fortifi\u00e9s dans leur foi en J\u00e9sus \u2013 Christ.<\/li><li>Que tous les peuls soient unis pour partager l\u2019\u00e9vangile \u00e0 leurs communaut\u00e9s.<\/li><\/ul>\n\n\n\n<p>Ce qu\u2019on trouve dans WTAS&nbsp;:<\/p>\n\n\n\n<ol class=\"wp-block-list\" type=\"1\"><li>Les pr\u00e9dications<\/li><li>Les t\u00e9moignages<\/li><li>Les chants chr\u00e9tiens<\/li><li>&nbsp;Les Clips chr\u00e9tiens<\/li><li>Les films chr\u00e9tiens<\/li><li>Les th\u00e9\u00e2tres chr\u00e9tiens<\/li><li>Les applications (Bibles etc.\u2026\u2026). &nbsp;<\/li><li>La sant\u00e9<\/li><li>Le d\u00e9veloppement<\/li><\/ol>\n\n\n\n<p><\/p>\n","protected":false},"excerpt":{"rendered":"<p>Voir les communaut\u00e9s (ethnies et\/ou tribus) radicalement transform\u00e9es par la vie que donne l\u2019\u00c9vangile de J\u00e9sus-Christ. \u2022 Atteindre les non-atteints, aimer les non-aim\u00e9s, encourager l&rsquo;\u00e9glise de Christ \u00e0 accomplir la Grande Commission \u2022 Voir des communaut\u00e9s radicalement transform\u00e9es par la vie que donne l&rsquo;Evangile de J\u00e9sus-Christ. \u2022 Relier les gens entre eux \u00e0 travers les [&hellip;]<\/p>\n","protected":false},"author":1,"featured_media":0,"parent":0,"menu_order":0,"comment_status":"closed","ping_status":"closed","template":"","meta":{"_uag_custom_page_level_css":"","site-sidebar-layout":"default","site-content-layout":"default","ast-site-content-layout":"default","site-content-style":"default","site-sidebar-style":"default","ast-global-header-display":"","ast-banner-title-visibility":"","ast-main-header-display":"","ast-hfb-above-header-display":"","ast-hfb-below-header-display":"","ast-hfb-mobile-header-display":"","site-post-title":"","ast-breadcrumbs-content":"","ast-featured-img":"","footer-sml-layout":"","ast-disable-related-posts":"","theme-transparent-header-meta":"default","adv-header-id-meta":"69","stick-header-meta":"default","header-above-stick-meta":"","header-main-stick-meta":"","header-below-stick-meta":"","astra-migrate-meta-layouts":"default","ast-page-background-enabled":"default","ast-page-background-meta":{"desktop":{"background-color":"","background-image":"","background-repeat":"repeat","background-position":"center center","background-size":"auto","background-attachment":"scroll","background-type":"","background-media":"","overlay-type":"","overlay-color":"","overlay-opacity":"","overlay-gradient":""},"tablet":{"background-color":"","background-image":"","background-repeat":"repeat","background-position":"center center","background-size":"auto","background-attachment":"scroll","background-type":"","background-media":"","overlay-type":"","overlay-color":"","overlay-opacity":"","overlay-gradient":""},"mobile":{"background-color":"","background-image":"","background-repeat":"repeat","background-position":"center center","background-size":"auto","background-attachment":"scroll","background-type":"","background-media":"","overlay-type":"","overlay-color":"","overlay-opacity":"","overlay-gradient":""}},"ast-content-background-meta":{"desktop":{"background-color":"var(--ast-global-color-5)","background-image":"","background-repeat":"repeat","background-position":"center center","background-size":"auto","background-attachment":"scroll","background-type":"","background-media":"","overlay-type":"","overlay-color":"","overlay-opacity":"","overlay-gradient":""},"tablet":{"background-color":"var(--ast-global-color-5)","background-image":"","background-repeat":"repeat","background-position":"center center","background-size":"auto","background-attachment":"scroll","background-type":"","background-media":"","overlay-type":"","overlay-color":"","overlay-opacity":"","overlay-gradient":""},"mobile":{"background-color":"var(--ast-global-color-5)","background-image":"","background-repeat":"repeat","background-position":"center center","background-size":"auto","background-attachment":"scroll","background-type":"","background-media":"","overlay-type":"","overlay-color":"","overlay-opacity":"","overlay-gradient":""}},"footnotes":""},"class_list":["post-7","page","type-page","status-publish","hentry"],"uagb_featured_image_src":{"full":false,"thumbnail":false,"medium":false,"medium_large":false,"large":false,"1536x1536":false,"2048x2048":false},"uagb_author_info":{"display_name":"admin","author_link":"https:\/\/wtas.info\/index.php\/author\/webservices_tl2432j7\/"},"uagb_comment_info":0,"uagb_excerpt":"Voir les communaut\u00e9s (ethnies et\/ou tribus) radicalement transform\u00e9es par la vie que donne l\u2019\u00c9vangile de J\u00e9sus-Christ. \u2022 Atteindre les non-atteints, aimer les non-aim\u00e9s, encourager l&rsquo;\u00e9glise de Christ \u00e0 accomplir la Grande Commission \u2022 Voir des communaut\u00e9s radicalement transform\u00e9es par la vie que donne l&rsquo;Evangile de J\u00e9sus-Christ. \u2022 Relier les gens entre eux \u00e0 travers les\u2026","_links":{"self":[{"href":"https:\/\/wtas.info\/index.php\/wp-json\/wp\/v2\/pages\/7","targetHints":{"allow":["GET"]}}],"collection":[{"href":"https:\/\/wtas.info\/index.php\/wp-json\/wp\/v2\/pages"}],"about":[{"href":"https:\/\/wtas.info\/index.php\/wp-json\/wp\/v2\/types\/page"}],"author":[{"embeddable":true,"href":"https:\/\/wtas.info\/index.php\/wp-json\/wp\/v2\/users\/1"}],"replies":[{"embeddable":true,"href":"https:\/\/wtas.info\/index.php\/wp-json\/wp\/v2\/comments?post=7"}],"version-history":[{"count":4,"href":"https:\/\/wtas.info\/index.php\/wp-json\/wp\/v2\/pages\/7\/revisions"}],"predecessor-version":[{"id":133,"href":"https:\/\/wtas.info\/index.php\/wp-json\/wp\/v2\/pages\/7\/revisions\/133"}],"wp:attachment":[{"href":"https:\/\/wtas.info\/index.php\/wp-json\/wp\/v2\/media?parent=7"}],"curies":[{"name":"wp","href":"https:\/\/api.w.org\/{rel}","templated":true}]}}